{"id":10,"date":"2018-05-04T09:40:43","date_gmt":"2018-05-04T09:40:43","guid":{"rendered":"http:\/\/ibd-marburg.de\/?page_id=10"},"modified":"2021-02-20T16:31:16","modified_gmt":"2021-02-20T16:31:16","slug":"untersuchungsbereich","status":"publish","type":"page","link":"https:\/\/ibd-marburg.de\/?page_id=10","title":{"rendered":"T\u00e4tigkeit des Institutes"},"content":{"rendered":"<p>Seit 1985 sind, meist im Rahmen von Sanierungsma\u00dfnahmen, j\u00e4hrlich ca. 50 Geb\u00e4ude und Grundst\u00fccke und damit inzwischen hunderte von Objekten in vielen St\u00e4dten und Gemeinden auch ausserhalb Deutschlands untersucht und dokumentiert worden.<\/p>\n<p>Die Auftraggeber sind zumeist Architekten, kommunale Bau\u00e4mter, Untere Denkmalschutzbeh\u00f6rden und die Denkmalfachbeh\u00f6rden, seltener auch private Bauherren.<\/p>\n<p>Das Spektrum der behandelten Bauten reicht von Kirchen, Burgen und Schl\u00f6ssern bis zu B\u00fcrger- und Bauernh\u00e4usern des Altertums, Mittelalter und der Neuzeit in Massivbauweise oder Fachwerk, von kleinen technischen Anlagen wie Brunnen und Pumpwerken \u00fcber M\u00fchlen und Gewerbeanlagen bis zu Kraftwerken und lndustrieanlagen.<\/p>\n<p>Die an einem Objekt untersuchten Bereiche umfassen die Dokumentation und Analyse der Konstruktion, die Untersuchung der historischen Ausstattungen ebenso wie arch\u00e4ologische Ausgrabungen und schlie\u00dfen die historischen Schrift- und Bildquellen mit ein.<\/p>\n<p>Orientiert an den Anforderungen des jeweiligen Objektes und entsprechend der jeweiligen Aufgabenstellung werden individuell zugeschnitttene Untersuchungen durchgef\u00fchrt.<\/p>\n<p>Im Bereich der Dokumentation werden Inventare erarbeitet, so konnte 2008 ein Gro\u00dfinventar der rheinischen Braunkohlenindustrie abgeschlossen werden, und ist nun die Topographie \u201eMarburg I\u201c in Arbeit.<\/p>\n<p>Bei methodisch und\/oder inhaltlich besonders ertragreichen Untersuchungen wird in der Regel versucht, mit dem Einverst\u00e4ndnis des Auftraggebers die Ergebnisse in angemessener Form zu ver\u00f6ffentlichen.<\/p>\n\n\n<figure class=\"wp-block-image size-large is-resized\"><img fetchpriority=\"high\" decoding=\"async\" src=\"http:\/\/ibd-marburg.de\/wp-content\/uploads\/2021\/02\/Ohne-Titel-11.jpg\" alt=\"\" class=\"wp-image-135\" width=\"674\" height=\"731\" srcset=\"https:\/\/ibd-marburg.de\/wp-content\/uploads\/2021\/02\/Ohne-Titel-11.jpg 323w, https:\/\/ibd-marburg.de\/wp-content\/uploads\/2021\/02\/Ohne-Titel-11-277x300.jpg 277w\" sizes=\"(max-width: 674px) 100vw, 674px\" \/><figcaption>Gef\u00fcgerekonstruktion von Hersfelder Stra\u00dfe 10\/12 in Alsfeld<\/figcaption><\/figure>\n","protected":false},"excerpt":{"rendered":"<p>Seit 1985 sind, meist im Rahmen von Sanierungsma\u00dfnahmen, j\u00e4hrlich ca. 50 Geb\u00e4ude und Grundst\u00fccke und damit inzwischen hunderte von Objekten in vielen St\u00e4dten und Gemeinden auch ausserhalb Deutschlands untersucht und dokumentiert worden. Die Auftraggeber sind zumeist Architekten, kommunale Bau\u00e4mter, Untere Denkmalschutzbeh\u00f6rden und die Denkmalfachbeh\u00f6rden, seltener auch private Bauherren. Das Spektrum der behandelten Bauten reicht von &hellip; <\/p>\n<p class=\"link-more\"><a href=\"https:\/\/ibd-marburg.de\/?page_id=10\" class=\"more-link\"><span class=\"screen-reader-text\">\u201eT\u00e4tigkeit des Institutes\u201c <\/span>weiterlesen<\/a><\/p>\n","protected":false},"author":1,"featured_media":0,"parent":0,"menu_order":0,"comment_status":"closed","ping_status":"closed","template":"","meta":{"footnotes":""},"class_list":["post-10","page","type-page","status-publish","hentry"],"_links":{"self":[{"href":"https:\/\/ibd-marburg.de\/index.php?rest_route=\/wp\/v2\/pages\/10","targetHints":{"allow":["GET"]}}],"collection":[{"href":"https:\/\/ibd-marburg.de\/index.php?rest_route=\/wp\/v2\/pages"}],"about":[{"href":"https:\/\/ibd-marburg.de\/index.php?rest_route=\/wp\/v2\/types\/page"}],"author":[{"embeddable":true,"href":"https:\/\/ibd-marburg.de\/index.php?rest_route=\/wp\/v2\/users\/1"}],"replies":[{"embeddable":true,"href":"https:\/\/ibd-marburg.de\/index.php?rest_route=%2Fwp%2Fv2%2Fcomments&post=10"}],"version-history":[{"count":8,"href":"https:\/\/ibd-marburg.de\/index.php?rest_route=\/wp\/v2\/pages\/10\/revisions"}],"predecessor-version":[{"id":145,"href":"https:\/\/ibd-marburg.de\/index.php?rest_route=\/wp\/v2\/pages\/10\/revisions\/145"}],"wp:attachment":[{"href":"https:\/\/ibd-marburg.de\/index.php?rest_route=%2Fwp%2Fv2%2Fmedia&parent=10"}],"curies":[{"name":"wp","href":"https:\/\/api.w.org\/{rel}","templated":true}]}}