{"id":45,"date":"2018-05-07T10:05:07","date_gmt":"2018-05-07T10:05:07","guid":{"rendered":"http:\/\/ibd-marburg.de\/?page_id=45"},"modified":"2021-02-14T16:09:25","modified_gmt":"2021-02-14T16:09:25","slug":"kontakt","status":"publish","type":"page","link":"https:\/\/ibd-marburg.de\/?page_id=45","title":{"rendered":"Kontakt\/Impressum"},"content":{"rendered":"<h1><strong>Freies Institut f\u00fcr Bauforschung<\/strong><br \/>\n<strong> und Dokumentation e.V.<\/strong><\/h1>\n<hr \/>\n<p style=\"text-align: left;\">Hauptsitz Marburg<br \/>\nBarf\u00fc\u00dferstra\u00dfe 2A<br \/>\n35037 Marburg\/Lahn<\/p>\n<p style=\"text-align: left;\">Telefon:\u00a0 06421-12036<br \/>\nFax:\u00a0\u00a0\u00a0\u00a0\u00a0\u00a0\u00a0\u00a0\u00a0\u00a0 06421-25747<\/p>\n<p>Forschungsstelle Limburg<br \/>\nR\u00f6mer 2-4-6<br \/>\n65549 Limburg\/Lahn<\/p>\n<p>Telefon:\u00a0 06431-6232<\/p>\n<p>mail:\u00a0 <a href=\"mailto:ibd-marburg@t-online.de\">ibd-marburg@t-online.de<\/a><\/p>\n<hr \/>\n<p>Gesch\u00e4ftszeiten:\u00a0 Montag bis Freitag:\u00a0 9:00 bis 18:00 Uhr<\/p>\n<p>Bitte beachten Sie, dass unser B\u00fcro w\u00e4hrend der Gesch\u00e4ftszeiten nicht immer durchgehend besetzt ist oder auch alle Leitungen besetzt sein k\u00f6nnen. Hinterlassen Sie dann eine Nachricht auf dem Anrufbeantworter, wir melden uns bei Ihnen.<br \/>\nBei Besuchen in unseren Gesch\u00e4ftsr\u00e4umen vereinbaren Sie bitte vorab telefonisch oder per mail einen Termin. Vielen Dank!<\/p>\n<hr \/>\n<p>Vertretungsbefugt:<br \/>\nUlrich Klein (Vorsitzender)<br \/>\nDiethelm Fichtner (stellv. Vorsitzender)<\/p>\n<p>Barf\u00fc\u00dferstra\u00dfe 2A<br \/>\n35037 Marburg<\/p>\n<p>Registergericht: Amtsgericht 35274 Kirchhain<br \/>\nRegisternummer: VerR 322<\/p>\n<p>UST-ID: DE 175 642 623<\/p>\n<p>Verantwortlich i.S.d. \u00a7 55 Abs. 2 RStV: Ulrich Klein, Diethelm Fichtner, Barf\u00fc\u00dferstra\u00dfe 2A, 35037 Marburg<\/p>\n<hr \/>\n<p>Haftungshinweis:<br \/>\nTrotz sorgf\u00e4ltiger inhaltlicher Kontrolle \u00fcbernehmen wir keine Haftung f\u00fcr die Inhalte externer Links.<br \/>\nF\u00fcr den Inhalt der verlinkten Seiten sind ausschlie\u00dflich deren Betreiber verantwortlich!<\/p>\n","protected":false},"excerpt":{"rendered":"<p>Freies Institut f\u00fcr Bauforschung und Dokumentation e.V. Hauptsitz Marburg Barf\u00fc\u00dferstra\u00dfe 2A 35037 Marburg\/Lahn Telefon:\u00a0 06421-12036 Fax:\u00a0\u00a0\u00a0\u00a0\u00a0\u00a0\u00a0\u00a0\u00a0\u00a0 06421-25747 Forschungsstelle Limburg R\u00f6mer 2-4-6 65549 Limburg\/Lahn Telefon:\u00a0 06431-6232 mail:\u00a0 ibd-marburg@t-online.de Gesch\u00e4ftszeiten:\u00a0 Montag bis Freitag:\u00a0 9:00 bis 18:00 Uhr Bitte beachten Sie, dass unser B\u00fcro w\u00e4hrend der Gesch\u00e4ftszeiten nicht immer durchgehend besetzt ist oder auch alle Leitungen besetzt sein &hellip; <\/p>\n<p class=\"link-more\"><a href=\"https:\/\/ibd-marburg.de\/?page_id=45\" class=\"more-link\"><span class=\"screen-reader-text\">\u201eKontakt\/Impressum\u201c <\/span>weiterlesen<\/a><\/p>\n","protected":false},"author":1,"featured_media":0,"parent":0,"menu_order":0,"comment_status":"closed","ping_status":"closed","template":"","meta":{"footnotes":""},"class_list":["post-45","page","type-page","status-publish","hentry"],"_links":{"self":[{"href":"https:\/\/ibd-marburg.de\/index.php?rest_route=\/wp\/v2\/pages\/45","targetHints":{"allow":["GET"]}}],"collection":[{"href":"https:\/\/ibd-marburg.de\/index.php?rest_route=\/wp\/v2\/pages"}],"about":[{"href":"https:\/\/ibd-marburg.de\/index.php?rest_route=\/wp\/v2\/types\/page"}],"author":[{"embeddable":true,"href":"https:\/\/ibd-marburg.de\/index.php?rest_route=\/wp\/v2\/users\/1"}],"replies":[{"embeddable":true,"href":"https:\/\/ibd-marburg.de\/index.php?rest_route=%2Fwp%2Fv2%2Fcomments&post=45"}],"version-history":[{"count":14,"href":"https:\/\/ibd-marburg.de\/index.php?rest_route=\/wp\/v2\/pages\/45\/revisions"}],"predecessor-version":[{"id":130,"href":"https:\/\/ibd-marburg.de\/index.php?rest_route=\/wp\/v2\/pages\/45\/revisions\/130"}],"wp:attachment":[{"href":"https:\/\/ibd-marburg.de\/index.php?rest_route=%2Fwp%2Fv2%2Fmedia&parent=45"}],"curies":[{"name":"wp","href":"https:\/\/api.w.org\/{rel}","templated":true}]}}