{"id":56,"date":"2018-05-07T12:14:44","date_gmt":"2018-05-07T12:14:44","guid":{"rendered":"http:\/\/ibd-marburg.de\/?page_id=56"},"modified":"2021-10-31T17:26:29","modified_gmt":"2021-10-31T17:26:29","slug":"aktuell","status":"publish","type":"page","link":"https:\/\/ibd-marburg.de\/","title":{"rendered":"Aktuell"},"content":{"rendered":"<p>Seit Juni 2016 l\u00e4uft unser derzeit gr\u00f6\u00dftes Projekt in der<\/p>\n<p><strong>Johanniskirche in der Mainzer Innenstadt , dem &#8222;Alten Dom&#8220;<\/strong><\/p>\n<p>Bei den Ausgrabungen hat sich gezeigt, dass der heutige Bau einschlie\u00dflich gro\u00dfer Partien des Mauerwerks bereits\u00a0 im sp\u00e4ten 7. Jahrhundert und in karolingischer Zeit entstanden sein d\u00fcrfte, w\u00e4hrend \u00e4ltere Baureste sogar noch in die Sp\u00e4tantike zu datieren sind.<\/p>\n<p>Den bedeutenden Befunden entspricht ein umfangreiches Fundmaterial, das parallel bereits bearbeitet wird.<\/p>\n<p>Zu nennen sind hier neben zahlreichen antiken , fr\u00fch- und hochmittelalterlichen Werksteinspolien auch gr\u00f6\u00dfere Fragmente der mittelalterlichen Ausstuckierung ebenso wie z.B.\u00a0 \u00dcberreste von wohl alchemistisch genutzten Ger\u00e4tschaften des fr\u00fchen 16. Jahrhunderts.<\/p>\n","protected":false},"excerpt":{"rendered":"<p>Seit Juni 2016 l\u00e4uft unser derzeit gr\u00f6\u00dftes Projekt in der Johanniskirche in der Mainzer Innenstadt , dem &#8222;Alten Dom&#8220; Bei den Ausgrabungen hat sich gezeigt, dass der heutige Bau einschlie\u00dflich gro\u00dfer Partien des Mauerwerks bereits\u00a0 im sp\u00e4ten 7. Jahrhundert und in karolingischer Zeit entstanden sein d\u00fcrfte, w\u00e4hrend \u00e4ltere Baureste sogar noch in die Sp\u00e4tantike zu &hellip; <\/p>\n<p class=\"link-more\"><a href=\"https:\/\/ibd-marburg.de\/\" class=\"more-link\"><span class=\"screen-reader-text\">\u201eAktuell\u201c <\/span>weiterlesen<\/a><\/p>\n","protected":false},"author":1,"featured_media":0,"parent":0,"menu_order":0,"comment_status":"closed","ping_status":"closed","template":"","meta":{"footnotes":""},"class_list":["post-56","page","type-page","status-publish","hentry"],"_links":{"self":[{"href":"https:\/\/ibd-marburg.de\/index.php?rest_route=\/wp\/v2\/pages\/56","targetHints":{"allow":["GET"]}}],"collection":[{"href":"https:\/\/ibd-marburg.de\/index.php?rest_route=\/wp\/v2\/pages"}],"about":[{"href":"https:\/\/ibd-marburg.de\/index.php?rest_route=\/wp\/v2\/types\/page"}],"author":[{"embeddable":true,"href":"https:\/\/ibd-marburg.de\/index.php?rest_route=\/wp\/v2\/users\/1"}],"replies":[{"embeddable":true,"href":"https:\/\/ibd-marburg.de\/index.php?rest_route=%2Fwp%2Fv2%2Fcomments&post=56"}],"version-history":[{"count":9,"href":"https:\/\/ibd-marburg.de\/index.php?rest_route=\/wp\/v2\/pages\/56\/revisions"}],"predecessor-version":[{"id":152,"href":"https:\/\/ibd-marburg.de\/index.php?rest_route=\/wp\/v2\/pages\/56\/revisions\/152"}],"wp:attachment":[{"href":"https:\/\/ibd-marburg.de\/index.php?rest_route=%2Fwp%2Fv2%2Fmedia&parent=56"}],"curies":[{"name":"wp","href":"https:\/\/api.w.org\/{rel}","templated":true}]}}